{"id":849,"date":"2025-03-26T15:54:34","date_gmt":"2025-03-26T13:54:34","guid":{"rendered":"https:\/\/ocvision.eu\/?page_id=849"},"modified":"2025-11-11T09:59:17","modified_gmt":"2025-11-11T07:59:17","slug":"sikdatnes","status":"publish","type":"page","link":"https:\/\/ocvision.eu\/lv\/sikdatnes\/","title":{"rendered":"S\u012bkdatnes"},"content":{"rendered":"<div class=\"about-text\"><span>\u0160\u012bs S\u012bkdat\u0146u Politikas m\u0113r\u0137is ir sniegt Jums inform\u0101ciju par to, k\u0101 m\u0113s p\u0101rvald\u0101m s\u012bkdatnes t\u012bmek\u013ca vietn\u0113 ocvision.eu, k\u0101 ar\u012b sniegt Jums inform\u0101ciju par to, k\u0101 J\u016bs varat p\u0101rvald\u012bt savas izv\u0113les saist\u012bb\u0101 ar \u0161\u012bm s\u012bkdatn\u0113m.<\/span><\/div>\n<\/div><\/div>\n<\/p><\/div>\n<\/div>\n<div class=\"section-content\">\n<div class=\"container\">\n<div class=\"row\">\n<div class=\"col-xs-48\">\n<div class=\"text-content\">\n\n\n<h2 class=\"wp-block-heading\">Kas ir s\u012bkdatnes?<\/h2>\n\n\n\n<p>S\u012bkdatnes ir s\u012bkas teksta datnes, kuras t\u012bmek\u013ca p\u0101rl\u016bkprogramma (piem\u0113ram, Google Chrome, Internet Explorer, Firefox, Safari u.c.) br\u012bd\u012b, kad lietot\u0101js apmekl\u0113 t\u012bmek\u013ca vietni, saglab\u0101 lietot\u0101ja galiek\u0101rt\u0101 (dator\u0101, mobilaj\u0101 t\u0101lrun\u012b, plan\u0161et\u0113), lai identific\u0113tu p\u0101rl\u016bkprogrammu vai p\u0101rl\u016bkprogramm\u0101 saglab\u0101tu inform\u0101ciju vai iestat\u012bjumus. T\u0101d\u0113j\u0101di ar s\u012bkdat\u0146u pal\u012bdz\u012bbu t\u012bmek\u013ca vietne ieg\u016bst sp\u0113ju saglab\u0101t lietot\u0101ja individu\u0101los iestat\u012bjumus, atpaz\u012bt vi\u0146u un atbilsto\u0161i rea\u0123\u0113t. S\u012bkdat\u0146u izmanto\u0161anu var atsp\u0113jot vai ierobe\u017eot, ta\u010du bez s\u012bkdatn\u0113m neb\u016bs iesp\u0113jams pilnv\u0113rt\u012bgi izmantot visas vietnes funkcijas.<\/p>\n\n\n\n<p>S\u012bkdatnes nav v\u012brusi. S\u012bkdat\u0146u izmanto\u0161ana piln\u012bgi dro\u0161a.<\/p>\n\n\n\n<h2 class=\"wp-block-heading\">K\u0101das s\u012bkdatnes un k\u0101diem m\u0113r\u0137iem tiek izmantotas?<\/h2>\n\n\n\n<p>Tiek izmantotas vair\u0101ku veidu s\u012bkdatnes (past\u0101v\u012bg\u0101s un sesijas).<br>Atkar\u012bb\u0101 no veicamaj\u0101m funkcij\u0101m, izmanto\u0161anas m\u0113r\u0137a un J\u016bsu sniegt\u0101s piekri\u0161anas izmantojam&nbsp;nepiecie\u0161am\u0101s s\u012bkdatnes, funkcion\u0101l\u0101s s\u012bkdatnes, statistikas s\u012bkdatnes un m\u0101rketing s\u012bkdatnes.<\/p>\n\n\n\n<p><strong>Nepiecie\u0161am\u0101s s\u012bkdatnes<\/strong><\/p>\n\n\n\n<p>\u0160\u012bs s\u012bkdatnes nepiecie\u0161amas, lai J\u016bs var\u0113tu apmekl\u0113t un p\u0101rl\u016bkot t\u012bmek\u013ca vietnes saturu un izmantot t\u0101s pied\u0101v\u0101t\u0101s iesp\u0113jas. \u0160\u012bs s\u012bkdatnes identific\u0113 J\u016bsu iek\u0101rtu, bet neizpau\u017e J\u016bsu identit\u0101ti, k\u0101 ar\u012b t\u0101s nev\u0101c un neapkopo inform\u0101ciju. Bez \u0161\u012bm s\u012bkdatn\u0113m t\u012bmek\u013ca vietne nevar\u0113s pilnv\u0113rt\u012bgi darboties, piem\u0113ram, sniegt nepiecie\u0161amo inform\u0101ciju vai nodro\u0161in\u0101t piepras\u012btos pakalpojumus.<\/p>\n\n\n\n<p>\u0160\u012bs s\u012bkdatnes tiek glab\u0101tas J\u016bsu iek\u0101rt\u0101 l\u012bdz br\u012bdim, kad s\u012bkdatne izpild\u012bjusi savu funkciju, bet ne ilg\u0101k k\u0101 divus gadus.<\/p>\n\n\n\n<p>\u0160\u012bs noteikti nepiecie\u0161am\u0101s s\u012bkdatnes izvietojas autom\u0101tiski.<\/p>\n\n\n\n<p><strong>Funkcion\u0101l\u0101s s\u012bkdatnes<\/strong><\/p>\n\n\n\n<p>\u0160\u012bs s\u012bkdatnes tiek izmantotas, lai uzlabotu t\u012bmek\u013ca vietnes funkcionalit\u0101ti, to padar\u012btu \u0113rtu un J\u016bsu lieto\u0161anai efekt\u012bvu. Funkcion\u0101l\u0101s s\u012bkdatnes var tikt izmantotas, lai saglab\u0101tu J\u016bsu izv\u0113l\u0113to t\u012bmek\u013ca vietnes valodu, pal\u012bdz\u0113tu autom\u0101tiski iegaum\u0113t J\u016bsu re\u0123istr\u0101cijas datus, saglab\u0101tu J\u016bsu izv\u0113l\u0113to pre\u010du grozu un veiktu citas l\u012bdz\u012bgas t\u012bmek\u013ca vietnes atbalsta funkcijas.<\/p>\n\n\n\n<p><strong>Statistikas s\u012bkdatnes.<\/strong><\/p>\n\n\n\n<p>Statistika s\u012bkdatnes apkopo inform\u0101ciju, k\u0101 tiek lietota t\u012bmek\u013ca vietne, konstat\u0113 bie\u017e\u0101k apmekl\u0113t\u0101s sada\u013cas, ieskaitot saturu, kuru J\u016bs izv\u0113lieties, p\u0101rl\u016bkojot vietni. Inform\u0101cija tiek lietota anal\u012bzes nol\u016bkos apkopot\u0101 veid\u0101, lai noskaidrotu, kas interes\u0113 vietnes lietot\u0101jus, un var\u0113tu uzlabot vietnes funkcionalit\u0101ti, padar\u012bt to \u0113rt\u0101k lietojamu.<\/p>\n\n\n\n<p>Statistikas s\u012bkdatnes identific\u0113 tikai J\u016bsu iek\u0101rtu, bet neizpau\u017e J\u016bsu identit\u0101ti. Atsevi\u0161\u0137os gad\u012bjumos da\u017eas anal\u012btisk\u0101s s\u012bkdatnes m\u016bsu viet\u0101 saska\u0146\u0101 ar m\u016bsu nor\u0101d\u012bjumiem un tikai atbilsto\u0161i nor\u0101d\u012btajiem m\u0113r\u0137iem p\u0101rvalda tre\u0161\u0101s personas, piem\u0113ram, Google Inc. izveidot\u0101s \u201cGoogle Analytics\u201d s\u012bkdatnes, kuru m\u0113r\u0137is ir t\u012bmek\u013ca vietnes satura kvalit\u0101tes uzlabo\u0161ana un satura piel\u0101go\u0161ana lietot\u0101ju vajadz\u012bb\u0101m.<\/p>\n\n\n\n<p>\u0160\u012bs s\u012bkdatnes tiek glab\u0101tas J\u016bsu iek\u0101rt\u0101 ne ilg\u0101k k\u0101 divus gadus.<\/p>\n\n\n\n<p><strong>M\u0101rketinga s\u012bkdatnes<\/strong><\/p>\n\n\n\n<p>M\u0113s apstr\u0101d\u0101jam \u0161\u012bs s\u012bkdatnes, ja J\u016bs esat devis tam piekri\u0161anu. \u0160\u012bs s\u012bkdatnes var tikt izmantotas, lai individualiz\u0113tu J\u016bsu p\u0101rl\u016bko\u0161anas pieredzi un Jums r\u0101d\u0101mo saturu, k\u0101 ar\u012b r\u0101d\u012btu pied\u0101v\u0101jumus, kas b\u016btu aktu\u0101li tie\u0161i Jums. M\u0101rketinga s\u012bkdatnes \u013cauj analiz\u0113t p\u0101rl\u016bko\u0161anas v\u0113sture, un \u0161ie dati var tikt izmantoti, lai sagatavotu Jums adres\u0113tu, personaliz\u0113tu pied\u0101v\u0101jumu.<br>J\u016bsu p\u0101rl\u016bko\u0161anas dati, p\u0113c kuriem nevar noteikt person\u012bbu, var tikt nodoti rekl\u0101mas pakalpojumu partneriem, piem\u0113ram,&nbsp;Google Inc. pakalpojumam \u201cGoogle Ads\u201d, lai r\u0101d\u012btu jums atbilsto\u0161u rekl\u0101mas pied\u0101v\u0101jumu.<\/p>\n\n\n\n<h2 class=\"wp-block-heading\">K\u0101 J\u016bs variet p\u0101rvald\u012bt savas s\u012bkdatnes?<\/h2>\n\n\n\n<p>Apmekl\u0113jot m\u016bsu vietni, tika att\u0113lots pazi\u0146ojums ar inform\u0101ciju par to, ka t\u012bmek\u013ca vietn\u0113 tiek izmantotas s\u012bkdatnes.<br>S\u0101kot lietot m\u016bsu t\u012bmek\u013ca vietni, J\u016bs apstipriniet piekri\u0161anu nepiecie\u0161amo s\u012bkdat\u0146u lieto\u0161anai.<br>J\u016bs variet iebilst un izdz\u0113st t\u0101s &#8211; ikvienas t\u012bmek\u013ca p\u0101rl\u016bkprogrammas dro\u0161\u012bbas iestat\u012bjumos iesp\u0113jama s\u012bkdat\u0146u ierobe\u017eo\u0161ana un dz\u0113\u0161ana. Tom\u0113r \u0146emiet v\u0113r\u0101, ka izv\u0113l\u0113ties izdz\u0113st nepiecie\u0161am\u0101s s\u012bkdatnes, t\u012bmek\u013ca vietne nevar\u0113s darboties pilnv\u0113rt\u012bgi.&nbsp;<\/p>\n\n\n\n<p>Cit\u0101m s\u012bkdatn\u0113m ir nepiecie\u0161ama J\u016bsu iepriek\u0161\u0113ja piekri\u0161ana.<\/p>\n\n\n\n<h2 class=\"wp-block-heading\">Kontakti<\/h2>\n\n\n\n<p>Gad\u012bjum\u0101, ja Jums ir jaut\u0101jumi par s\u012bkdat\u0146u politiku, J\u016bs variet ar mums sazin\u0101ties:<\/p>\n\n\n\n<ul class=\"wp-block-list\">\n<li>Pa epastu:&nbsp;<a href=\"mailto:gdpr@ocvision.eu\">gdpr@ocvision.eu<\/a><\/li>\n\n\n\n<li>Pa pastu: Ulbrokas iela 34, R\u012bga LV \u2013 1021, Latvija<\/li>\n<\/ul>\n","protected":false},"excerpt":{"rendered":"<p>\u0160\u012bs S\u012bkdat\u0146u Politikas m\u0113r\u0137is ir sniegt Jums inform\u0101ciju par to, k\u0101 m\u0113s p\u0101rvald\u0101m s\u012bkdatnes t\u012bmek\u013ca vietn\u0113 ocvision.eu, k\u0101 ar\u012b sniegt Jums inform\u0101ciju par to, k\u0101 J\u016bs varat p\u0101rvald\u012bt savas izv\u0113les saist\u012bb\u0101 ar \u0161\u012bm s\u012bkdatn\u0113m. Kas ir s\u012bkdatnes? S\u012bkdatnes ir s\u012bkas teksta datnes, kuras t\u012bmek\u013ca p\u0101rl\u016bkprogramma (piem\u0113ram, Google Chrome, Internet Explorer, Firefox, Safari u.c.) br\u012bd\u012b, kad [&hellip;]<\/p>\n","protected":false},"author":1,"featured_media":0,"parent":0,"menu_order":0,"comment_status":"closed","ping_status":"closed","template":"","meta":{"_acf_changed":false,"inline_featured_image":false,"footnotes":""},"class_list":["post-849","page","type-page","status-publish","hentry"],"acf":[],"_links":{"self":[{"href":"https:\/\/ocvision.eu\/lv\/wp-json\/wp\/v2\/pages\/849","targetHints":{"allow":["GET"]}}],"collection":[{"href":"https:\/\/ocvision.eu\/lv\/wp-json\/wp\/v2\/pages"}],"about":[{"href":"https:\/\/ocvision.eu\/lv\/wp-json\/wp\/v2\/types\/page"}],"author":[{"embeddable":true,"href":"https:\/\/ocvision.eu\/lv\/wp-json\/wp\/v2\/users\/1"}],"replies":[{"embeddable":true,"href":"https:\/\/ocvision.eu\/lv\/wp-json\/wp\/v2\/comments?post=849"}],"version-history":[{"count":4,"href":"https:\/\/ocvision.eu\/lv\/wp-json\/wp\/v2\/pages\/849\/revisions"}],"predecessor-version":[{"id":1981,"href":"https:\/\/ocvision.eu\/lv\/wp-json\/wp\/v2\/pages\/849\/revisions\/1981"}],"wp:attachment":[{"href":"https:\/\/ocvision.eu\/lv\/wp-json\/wp\/v2\/media?parent=849"}],"curies":[{"name":"wp","href":"https:\/\/api.w.org\/{rel}","templated":true}]}}