{"id":522,"date":"2023-01-24T10:23:12","date_gmt":"2023-01-24T08:23:12","guid":{"rendered":"https:\/\/ocvision.eu\/?page_id=522"},"modified":"2025-11-11T10:01:04","modified_gmt":"2025-11-11T08:01:04","slug":"ilgtspeja","status":"publish","type":"page","link":"https:\/\/ocvision.eu\/lv\/ilgtspeja\/","title":{"rendered":"OC VISION r\u016bp\u0113jas par apk\u0101rt\u0113jo vidi"},"content":{"rendered":"\n<p class=\"about-text\" style=\"font-size:25px\">Aizvien svar\u012bg\u0101k k\u013c\u016bst dz\u012bvot un str\u0101d\u0101t videi draudz\u012bgi<\/p>\n\n\n\n<p>OC VISION r\u016bp\u0113jas ne tikai par iedz\u012bvot\u0101ju redzi, bet ar\u012b par apk\u0101rt\u0113jo vidi.&nbsp;<\/p>\n\n\n\n<p>K\u0101?<\/p>\n\n\n\n<ul class=\"wp-block-list\">\n<li>Biroj\u0101 Ulbrokas iel\u0101 izlietoto pap\u012bru nemetam miskast\u0113, bet gan nododam p\u0101rstr\u0101dei\u00a0<strong>L\u012bgatnes pap\u012brfabrikai;\u00a0<\/strong><\/li>\n\n\n\n<li>Dzeramajam \u016bdenim biroj\u0101 izmantojam&nbsp;<strong>\u016bdens filtrus<\/strong>;&nbsp;<\/li>\n\n\n\n<li>Lai satiktos ar sadarb\u012bbas partneriem \u0101rpus biroja, izmantojam&nbsp;<strong>velosip\u0113dus un st\u0101vdr\u0101zi<\/strong>;<\/li>\n\n\n\n<li>Jaun\u0101 Vizionette koncepta veikalos izmantojam&nbsp;<strong>atk\u0101rtoti uzpild\u0101mo bri\u013c\u013cu kop\u0161anas \u0161\u0137idrumu<\/strong>&#8211; pie tam atliek tikai pirmaj\u0101 reiz\u0113 ieg\u0101d\u0101ties \u0161\u0137idruma pudel\u012bti, p\u0113c tam \u0161\u0137idrums pien\u0101kas bez maksas!<\/li>\n<\/ul>\n\n\n\n<div class=\"wp-block-columns is-layout-flex wp-container-core-columns-is-layout-9d6595d7 wp-block-columns-is-layout-flex\">\n<div class=\"wp-block-column is-layout-flow wp-block-column-is-layout-flow\">\n<figure class=\"wp-block-image size-full\"><img loading=\"lazy\" decoding=\"async\" width=\"314\" height=\"346\" src=\"https:\/\/ocvision.eu\/wp-content\/uploads\/oc-vision-ilgtspeja-udens.jpg\" alt=\"\" class=\"wp-image-525\" srcset=\"https:\/\/ocvision.eu\/wp-content\/uploads\/oc-vision-ilgtspeja-udens.jpg 314w, https:\/\/ocvision.eu\/wp-content\/uploads\/oc-vision-ilgtspeja-udens-272x300.jpg 272w\" sizes=\"auto, (max-width: 314px) 100vw, 314px\" \/><\/figure>\n<\/div>\n\n\n\n<div class=\"wp-block-column is-layout-flow wp-block-column-is-layout-flow\">\n<figure class=\"wp-block-image size-full\"><img loading=\"lazy\" decoding=\"async\" width=\"286\" height=\"346\" src=\"https:\/\/ocvision.eu\/wp-content\/uploads\/oc-vision-ilgtspeja-elektro.jpg\" alt=\"\" class=\"wp-image-527\" srcset=\"https:\/\/ocvision.eu\/wp-content\/uploads\/oc-vision-ilgtspeja-elektro.jpg 286w, https:\/\/ocvision.eu\/wp-content\/uploads\/oc-vision-ilgtspeja-elektro-248x300.jpg 248w\" sizes=\"auto, (max-width: 286px) 100vw, 286px\" \/><\/figure>\n<\/div>\n\n\n\n<div class=\"wp-block-column is-layout-flow wp-block-column-is-layout-flow\">\n<figure class=\"wp-block-image size-full\"><img loading=\"lazy\" decoding=\"async\" width=\"297\" height=\"349\" src=\"https:\/\/ocvision.eu\/wp-content\/uploads\/oc-vision-ilgtspeja-pudelite.png\" alt=\"\" class=\"wp-image-529\" srcset=\"https:\/\/ocvision.eu\/wp-content\/uploads\/oc-vision-ilgtspeja-pudelite.png 297w, https:\/\/ocvision.eu\/wp-content\/uploads\/oc-vision-ilgtspeja-pudelite-255x300.png 255w\" sizes=\"auto, (max-width: 297px) 100vw, 297px\" \/><\/figure>\n<\/div>\n<\/div>\n","protected":false},"excerpt":{"rendered":"<p>Aizvien svar\u012bg\u0101k k\u013c\u016bst dz\u012bvot un str\u0101d\u0101t videi draudz\u012bgi OC VISION r\u016bp\u0113jas ne tikai par iedz\u012bvot\u0101ju redzi, bet ar\u012b par apk\u0101rt\u0113jo vidi.&nbsp; K\u0101?<\/p>\n","protected":false},"author":1,"featured_media":0,"parent":0,"menu_order":0,"comment_status":"closed","ping_status":"closed","template":"","meta":{"_acf_changed":false,"inline_featured_image":false,"footnotes":""},"class_list":["post-522","page","type-page","status-publish","hentry"],"acf":[],"_links":{"self":[{"href":"https:\/\/ocvision.eu\/lv\/wp-json\/wp\/v2\/pages\/522","targetHints":{"allow":["GET"]}}],"collection":[{"href":"https:\/\/ocvision.eu\/lv\/wp-json\/wp\/v2\/pages"}],"about":[{"href":"https:\/\/ocvision.eu\/lv\/wp-json\/wp\/v2\/types\/page"}],"author":[{"embeddable":true,"href":"https:\/\/ocvision.eu\/lv\/wp-json\/wp\/v2\/users\/1"}],"replies":[{"embeddable":true,"href":"https:\/\/ocvision.eu\/lv\/wp-json\/wp\/v2\/comments?post=522"}],"version-history":[{"count":4,"href":"https:\/\/ocvision.eu\/lv\/wp-json\/wp\/v2\/pages\/522\/revisions"}],"predecessor-version":[{"id":1983,"href":"https:\/\/ocvision.eu\/lv\/wp-json\/wp\/v2\/pages\/522\/revisions\/1983"}],"wp:attachment":[{"href":"https:\/\/ocvision.eu\/lv\/wp-json\/wp\/v2\/media?parent=522"}],"curies":[{"name":"wp","href":"https:\/\/api.w.org\/{rel}","templated":true}]}}