{"id":367,"date":"2023-01-13T14:38:50","date_gmt":"2023-01-13T12:38:50","guid":{"rendered":"https:\/\/ocvision.eu\/?page_id=367"},"modified":"2025-04-08T14:03:54","modified_gmt":"2025-04-08T12:03:54","slug":"par-mums","status":"publish","type":"page","link":"https:\/\/ocvision.eu\/lv\/par-mums\/","title":{"rendered":"Par mums"},"content":{"rendered":"\n<p style=\"font-size:25px\">OC VISION ir liel\u0101kais optikas un optometrijas pakalpojumu sniedz\u0113js Baltijas valst\u012bs ar fokusu uz klientu acu vesel\u012bbu un redzes komfortu.&nbsp;<\/p>\n\n\n\n<p>OC VISION uz\u0146\u0113muma grup\u0101 ietilpst veikalu t\u012bkli&nbsp;<strong>Vision Express Latvij\u0101 un Lietuv\u0101, OptiO Latvij\u0101 un Lietuv\u0101, VIZIONETTE veikals Latvij\u0101, veikals Lornete Latvij\u0101, interneta veikals Dr.Lensor Baltijas valst\u012bs,&nbsp;<\/strong>k\u0101 ar\u012b<strong>&nbsp;vairumtirgot\u0101js Opptica Latvij\u0101, Lietuv\u0101 un NVS valst\u012bs<\/strong>.&nbsp;<\/p>\n\n\n\n<p>Optikas veikalu dizaini p\u0113c jaun\u0101kaj\u0101m nozares tendenc\u0113m nodro\u0161ina vislab\u0101ko iesp\u0113jamo iepirk\u0161an\u0101s pieredzi gan mazumtirdzniec\u012bbas, gan vairumtirdzniec\u012bbas klientiem un nep\u0101rtrauktie uzlabojumi optikas tehnolo\u0123ij\u0101s un veiksm\u012bg\u0101 mazumtirdzniec\u012bbas pieredze nodro\u0161ina OC VISION veikalu atra\u0161anos liel\u0101kaj\u0101 da\u013c\u0101 TOP tirdzniec\u012bbas centru Baltijas valst\u012bs, kur tie darbojas ar izciliem p\u0101rdo\u0161anas r\u0101d\u012bt\u0101jiem.<\/p>\n\n\n\n<p>OC VISION uz\u0146\u0113mums Latvij\u0101 un Lietuv\u0101 nodarbina 560 darbiniekus un tas atrodas starp 300 liel\u0101kajiem Latvijas nodok\u013cu maks\u0101t\u0101jiem.<\/p>\n\n\n\n<figure class=\"wp-block-gallery has-nested-images columns-default is-cropped wp-block-gallery-1 is-layout-flex wp-block-gallery-is-layout-flex\">\n<figure class=\"wp-block-image size-full is-style-default\"><img loading=\"lazy\" decoding=\"async\" width=\"1140\" height=\"649\" data-id=\"779\" src=\"https:\/\/ocvision.eu\/wp-content\/uploads\/zimolu-attistiba-2019-1140x649-png300.webp\" alt=\"\" class=\"wp-image-779\" srcset=\"https:\/\/ocvision.eu\/wp-content\/uploads\/zimolu-attistiba-2019-1140x649-png300.webp 1140w, https:\/\/ocvision.eu\/wp-content\/uploads\/zimolu-attistiba-2019-1140x649-png300-300x171.webp 300w, https:\/\/ocvision.eu\/wp-content\/uploads\/zimolu-attistiba-2019-1140x649-png300-768x437.webp 768w\" sizes=\"auto, (max-width: 1140px) 100vw, 1140px\" \/><\/figure>\n<\/figure>\n","protected":false},"excerpt":{"rendered":"<p>OC VISION ir liel\u0101kais optikas un optometrijas pakalpojumu sniedz\u0113js Baltijas valst\u012bs ar fokusu uz klientu acu vesel\u012bbu un redzes komfortu.&nbsp; OC VISION uz\u0146\u0113muma grup\u0101 ietilpst veikalu t\u012bkli&nbsp;Vision Express Latvij\u0101 un Lietuv\u0101, OptiO Latvij\u0101 un Lietuv\u0101, VIZIONETTE veikals Latvij\u0101, veikals Lornete Latvij\u0101, interneta veikals Dr.Lensor Baltijas valst\u012bs,&nbsp;k\u0101 ar\u012b&nbsp;vairumtirgot\u0101js Opptica Latvij\u0101, Lietuv\u0101 un NVS valst\u012bs.&nbsp; Optikas veikalu [&hellip;]<\/p>\n","protected":false},"author":1,"featured_media":0,"parent":0,"menu_order":0,"comment_status":"closed","ping_status":"closed","template":"","meta":{"_acf_changed":false,"inline_featured_image":false,"footnotes":""},"class_list":["post-367","page","type-page","status-publish","hentry"],"acf":[],"_links":{"self":[{"href":"https:\/\/ocvision.eu\/lv\/wp-json\/wp\/v2\/pages\/367","targetHints":{"allow":["GET"]}}],"collection":[{"href":"https:\/\/ocvision.eu\/lv\/wp-json\/wp\/v2\/pages"}],"about":[{"href":"https:\/\/ocvision.eu\/lv\/wp-json\/wp\/v2\/types\/page"}],"author":[{"embeddable":true,"href":"https:\/\/ocvision.eu\/lv\/wp-json\/wp\/v2\/users\/1"}],"replies":[{"embeddable":true,"href":"https:\/\/ocvision.eu\/lv\/wp-json\/wp\/v2\/comments?post=367"}],"version-history":[{"count":5,"href":"https:\/\/ocvision.eu\/lv\/wp-json\/wp\/v2\/pages\/367\/revisions"}],"predecessor-version":[{"id":973,"href":"https:\/\/ocvision.eu\/lv\/wp-json\/wp\/v2\/pages\/367\/revisions\/973"}],"wp:attachment":[{"href":"https:\/\/ocvision.eu\/lv\/wp-json\/wp\/v2\/media?parent=367"}],"curies":[{"name":"wp","href":"https:\/\/api.w.org\/{rel}","templated":true}]}}