{"id":1937,"date":"2025-09-18T14:49:17","date_gmt":"2025-09-18T12:49:17","guid":{"rendered":"https:\/\/ocvision.eu\/?page_id=1937"},"modified":"2025-09-18T14:49:17","modified_gmt":"2025-09-18T12:49:17","slug":"cfla-atbalsts-viegli-lasit","status":"publish","type":"page","link":"https:\/\/ocvision.eu\/lv\/cfla-atbalsts-viegli-lasit\/","title":{"rendered":"CFLA atbalsts (viegli las\u012bt)"},"content":{"rendered":"\n<p>2025. gada 25. mart\u0101 Latvijas vald\u012bbas a\u0123ent\u016bra CFLA apstiprin\u0101ja OC VISION projekta iesniegumu. Projekta m\u0113r\u0137is ir piesaist\u012bt naudu no kapit\u0101la tirgus, lai uz\u0146\u0113mums var\u0113tu lab\u0101k konkur\u0113t \u0101rzem\u0113s. T\u0101pat nauda tiks izmantota, lai uz\u0146\u0113mums att\u012bst\u012btos un izgudrotu jaunus pakalpojumus. Projekta kop\u0113j\u0101s izmaksas ir pl\u0101notas 257 t\u016bksto\u0161u eiro apm\u0113r\u0101. ERAF \u0161o projektu atbalst\u012bs 102 t\u016bksto\u0161u eiro apm\u0113r\u0101. Latvijas valsts \u0161o projektu atbalst\u012bs 18 t\u016bksto\u0161u eiro apm\u0113r\u0101.<\/p>\n\n\n\n<figure class=\"wp-block-image\"><img decoding=\"async\" src=\"https:\/\/ocvision.eu\/wp-content\/uploads\/333ca01beb66c708f740fdc1a8d6a829b7521bc4.png\" alt=\"This image has an empty alt attribute; its file name is 333ca01beb66c708f740fdc1a8d6a829b7521bc4.png\"\/><\/figure>\n","protected":false},"excerpt":{"rendered":"<p>2025. gada 25. mart\u0101 Latvijas vald\u012bbas a\u0123ent\u016bra CFLA apstiprin\u0101ja OC VISION projekta iesniegumu. Projekta m\u0113r\u0137is ir piesaist\u012bt naudu no kapit\u0101la tirgus, lai uz\u0146\u0113mums var\u0113tu lab\u0101k konkur\u0113t \u0101rzem\u0113s. T\u0101pat nauda tiks izmantota, lai uz\u0146\u0113mums att\u012bst\u012btos un izgudrotu jaunus pakalpojumus. Projekta kop\u0113j\u0101s izmaksas ir pl\u0101notas 257 t\u016bksto\u0161u eiro apm\u0113r\u0101. ERAF \u0161o projektu atbalst\u012bs 102 t\u016bksto\u0161u eiro apm\u0113r\u0101. [&hellip;]<\/p>\n","protected":false},"author":1,"featured_media":0,"parent":0,"menu_order":0,"comment_status":"closed","ping_status":"closed","template":"","meta":{"_acf_changed":false,"inline_featured_image":false,"footnotes":""},"class_list":["post-1937","page","type-page","status-publish","hentry"],"acf":[],"_links":{"self":[{"href":"https:\/\/ocvision.eu\/lv\/wp-json\/wp\/v2\/pages\/1937","targetHints":{"allow":["GET"]}}],"collection":[{"href":"https:\/\/ocvision.eu\/lv\/wp-json\/wp\/v2\/pages"}],"about":[{"href":"https:\/\/ocvision.eu\/lv\/wp-json\/wp\/v2\/types\/page"}],"author":[{"embeddable":true,"href":"https:\/\/ocvision.eu\/lv\/wp-json\/wp\/v2\/users\/1"}],"replies":[{"embeddable":true,"href":"https:\/\/ocvision.eu\/lv\/wp-json\/wp\/v2\/comments?post=1937"}],"version-history":[{"count":1,"href":"https:\/\/ocvision.eu\/lv\/wp-json\/wp\/v2\/pages\/1937\/revisions"}],"predecessor-version":[{"id":1938,"href":"https:\/\/ocvision.eu\/lv\/wp-json\/wp\/v2\/pages\/1937\/revisions\/1938"}],"wp:attachment":[{"href":"https:\/\/ocvision.eu\/lv\/wp-json\/wp\/v2\/media?parent=1937"}],"curies":[{"name":"wp","href":"https:\/\/api.w.org\/{rel}","templated":true}]}}