{"id":374,"date":"2023-01-13T14:44:49","date_gmt":"2023-01-13T12:44:49","guid":{"rendered":"https:\/\/ocvision.eu\/?page_id=374"},"modified":"2025-05-20T14:40:09","modified_gmt":"2025-05-20T12:40:09","slug":"misija-vizija-vertibas","status":"publish","type":"page","link":"https:\/\/ocvision.eu\/lt\/misija-vizija-vertibas\/","title":{"rendered":"Misija, v\u012bzija un v\u0113rt\u012bbas"},"content":{"rendered":"\n<p style=\"font-size:25px\">M\u016bsu misija ir nodro\u0161in\u0101t augstas kvalit\u0101tes redzes apr\u016bpi visiem Baltijas iedz\u012bvot\u0101jiem, iesaistot lab\u0101kos redzes apr\u016bpes profesion\u0101\u013cus, izmantojot jaun\u0101kos tehnolo\u0123iju sasniegumus, uzturot augstus klientu apmierin\u0101t\u012bbas r\u0101d\u012bt\u0101jus un vienm\u0113r tiecoties uz izcil\u012bbu. <strong>Kop\u0101 izcilai redzei!<\/strong><\/p>\n\n\n\n<div class=\"wp-block-columns is-layout-flex wp-container-core-columns-is-layout-9d6595d7 wp-block-columns-is-layout-flex\">\n<div class=\"wp-block-column is-layout-flow wp-block-column-is-layout-flow\" style=\"flex-basis:30%\"><div class=\"wp-block-image\">\n<figure class=\"aligncenter size-medium is-resized\"><img loading=\"lazy\" decoding=\"async\" width=\"300\" height=\"300\" src=\"https:\/\/ocvision.eu\/wp-content\/uploads\/oc_vision_misija-09-300x300.webp\" alt=\"\" class=\"wp-image-796\" style=\"width:250px\" srcset=\"https:\/\/ocvision.eu\/wp-content\/uploads\/oc_vision_misija-09-300x300.webp 300w, https:\/\/ocvision.eu\/wp-content\/uploads\/oc_vision_misija-09-150x150.webp 150w, https:\/\/ocvision.eu\/wp-content\/uploads\/oc_vision_misija-09.webp 521w\" sizes=\"auto, (max-width: 300px) 100vw, 300px\" \/><\/figure>\n<\/div><\/div>\n\n\n\n<div class=\"wp-block-column is-vertically-aligned-center is-layout-flow wp-block-column-is-layout-flow\">\n<ul class=\"wp-block-list\">\n<li>Palielin\u0101t acu apr\u016bpes noz\u012bmi cilv\u0113ku apzi\u0146\u0101 t\u0101 veicinot dz\u012bves kvalit\u0101tes uzlabo\u0161anos;<\/li>\n\n\n\n<li>Nodro\u0161in\u0101t kvalitat\u012bvas acu apr\u016bpes pieejam\u012bbu Baltijas valstu iedz\u012bvot\u0101jiem neatkar\u012bgi no vi\u0146u ien\u0101kumiem, vecuma un dz\u012bvesvietas;<\/li>\n\n\n\n<li>Att\u012bst\u012bt redzes apr\u016bpes nozari Baltijas valst\u012bs, ievie\u0161ot jaun\u0101kos sasniegumus tehnolo\u0123ij\u0101s un sniedzot zin\u0101\u0161anas speci\u0101listiem.<\/li>\n<\/ul>\n<\/div>\n<\/div>\n\n\n\n<div class=\"wp-block-columns is-layout-flex wp-container-core-columns-is-layout-9d6595d7 wp-block-columns-is-layout-flex\">\n<div class=\"wp-block-column is-vertically-aligned-center is-layout-flow wp-block-column-is-layout-flow\">\n<ul class=\"wp-block-list\">\n<li>M\u016bsu klientu apmierin\u0101t\u012bba ir visaugst\u0101kaj\u0101 l\u012bmen\u012b; <\/li>\n\n\n\n<li>Redzes apr\u016bpe ir starp visatt\u012bst\u012bt\u0101kaj\u0101m vesel\u012bbas nozar\u0113m Baltij\u0101; <\/li>\n\n\n\n<li>Baltijas iedz\u012bvot\u0101ji izmanto vislab\u0101kos pieejamos redzes korekcijas produktus un proced\u016bras; <\/li>\n\n\n\n<li>M\u016bsu uz\u0146\u0113mums ir digit\u0101li transform\u0113jies un ar augstiem vides, soci\u0101lajiem un p\u0101rvald\u012bbas (ESG) standartiem, kas nodro\u0161ina lab\u0101ku konkur\u0113tsp\u0113ju un sp\u0113ju papla\u0161in\u0101ties.<\/li>\n<\/ul>\n<\/div>\n\n\n\n<div class=\"wp-block-column is-layout-flow wp-block-column-is-layout-flow\" style=\"flex-basis:30%\"><div class=\"wp-block-image\">\n<figure class=\"aligncenter size-full is-resized\"><img loading=\"lazy\" decoding=\"async\" width=\"521\" height=\"521\" src=\"https:\/\/ocvision.eu\/wp-content\/uploads\/oc_vision_vizija.webp\" alt=\"\" class=\"wp-image-886\" style=\"width:250px\" srcset=\"https:\/\/ocvision.eu\/wp-content\/uploads\/oc_vision_vizija.webp 521w, https:\/\/ocvision.eu\/wp-content\/uploads\/oc_vision_vizija-300x300.webp 300w, https:\/\/ocvision.eu\/wp-content\/uploads\/oc_vision_vizija-150x150.webp 150w\" sizes=\"auto, (max-width: 521px) 100vw, 521px\" \/><\/figure>\n<\/div><\/div>\n<\/div>\n\n\n\n<div class=\"wp-block-columns is-layout-flex wp-container-core-columns-is-layout-9d6595d7 wp-block-columns-is-layout-flex\">\n<div class=\"wp-block-column is-layout-flow wp-block-column-is-layout-flow\" style=\"flex-basis:30%\"><div class=\"wp-block-image\">\n<figure class=\"aligncenter size-full is-resized\"><img loading=\"lazy\" decoding=\"async\" width=\"521\" height=\"521\" src=\"https:\/\/ocvision.eu\/wp-content\/uploads\/oc_vision_vertibas.webp\" alt=\"\" class=\"wp-image-889\" style=\"width:250px\" srcset=\"https:\/\/ocvision.eu\/wp-content\/uploads\/oc_vision_vertibas.webp 521w, https:\/\/ocvision.eu\/wp-content\/uploads\/oc_vision_vertibas-300x300.webp 300w, https:\/\/ocvision.eu\/wp-content\/uploads\/oc_vision_vertibas-150x150.webp 150w\" sizes=\"auto, (max-width: 521px) 100vw, 521px\" \/><\/figure>\n<\/div><\/div>\n\n\n\n<div class=\"wp-block-column is-vertically-aligned-center is-layout-flow wp-block-column-is-layout-flow\">\n<div class=\"wp-block-columns are-vertically-aligned-center is-layout-flex wp-container-core-columns-is-layout-9d6595d7 wp-block-columns-is-layout-flex\">\n<div class=\"wp-block-column is-vertically-aligned-center is-layout-flow wp-block-column-is-layout-flow\">\n<p>M\u0113s r\u016bp\u0113jamies<\/p>\n\n\n\n<p>M\u0113s esam god\u012bgi<\/p>\n<\/div>\n\n\n\n<div class=\"wp-block-column is-vertically-aligned-center is-layout-flow wp-block-column-is-layout-flow\">\n<p>M\u0113s uzdro\u0161in\u0101mies<\/p>\n\n\n\n<p>M\u0113s tiecamies uz izcil\u012bbu<\/p>\n<\/div>\n<\/div>\n<\/div>\n<\/div>\n","protected":false},"excerpt":{"rendered":"<p>M\u016bsu misija ir nodro\u0161in\u0101t augstas kvalit\u0101tes redzes apr\u016bpi visiem Baltijas iedz\u012bvot\u0101jiem, iesaistot lab\u0101kos redzes apr\u016bpes profesion\u0101\u013cus, izmantojot jaun\u0101kos tehnolo\u0123iju sasniegumus, uzturot augstus klientu apmierin\u0101t\u012bbas r\u0101d\u012bt\u0101jus un vienm\u0113r tiecoties uz izcil\u012bbu. Kop\u0101 izcilai redzei! M\u0113s r\u016bp\u0113jamies M\u0113s esam god\u012bgi M\u0113s uzdro\u0161in\u0101mies M\u0113s tiecamies uz izcil\u012bbu<\/p>\n","protected":false},"author":1,"featured_media":0,"parent":0,"menu_order":0,"comment_status":"closed","ping_status":"closed","template":"","meta":{"_acf_changed":false,"inline_featured_image":false,"footnotes":""},"class_list":["post-374","page","type-page","status-publish","hentry"],"acf":[],"_links":{"self":[{"href":"https:\/\/ocvision.eu\/lt\/wp-json\/wp\/v2\/pages\/374","targetHints":{"allow":["GET"]}}],"collection":[{"href":"https:\/\/ocvision.eu\/lt\/wp-json\/wp\/v2\/pages"}],"about":[{"href":"https:\/\/ocvision.eu\/lt\/wp-json\/wp\/v2\/types\/page"}],"author":[{"embeddable":true,"href":"https:\/\/ocvision.eu\/lt\/wp-json\/wp\/v2\/users\/1"}],"replies":[{"embeddable":true,"href":"https:\/\/ocvision.eu\/lt\/wp-json\/wp\/v2\/comments?post=374"}],"version-history":[{"count":22,"href":"https:\/\/ocvision.eu\/lt\/wp-json\/wp\/v2\/pages\/374\/revisions"}],"predecessor-version":[{"id":1366,"href":"https:\/\/ocvision.eu\/lt\/wp-json\/wp\/v2\/pages\/374\/revisions\/1366"}],"wp:attachment":[{"href":"https:\/\/ocvision.eu\/lt\/wp-json\/wp\/v2\/media?parent=374"}],"curies":[{"name":"wp","href":"https:\/\/api.w.org\/{rel}","templated":true}]}}