{"id":1934,"date":"2025-09-18T14:27:26","date_gmt":"2025-09-18T12:27:26","guid":{"rendered":"https:\/\/ocvision.eu\/?page_id=1934"},"modified":"2025-09-18T14:27:26","modified_gmt":"2025-09-18T12:27:26","slug":"cfla-atbalsts","status":"publish","type":"page","link":"https:\/\/ocvision.eu\/lt\/cfla-atbalsts\/","title":{"rendered":"CFLA atbalsts"},"content":{"rendered":"\n<p><strong>CFLA sniedz atbalstu SIA OC VISION finans\u0113juma piesaiste kapit\u0101la tirg\u016b<\/strong><\/p>\n\n\n\n<p>Projekta m\u0113r\u0137is ir piesaist\u012bt SIA OC VISION l\u012bdz EUR 10 miljoniem invest\u012bciju kapit\u0101la tirgos, lai veicin\u0101tu uz\u0146\u0113muma att\u012bst\u012bbu, inov\u0101cijas un starptautisko konkur\u0113tsp\u0113ju. Projekts ietver kapit\u0101la piesaistes un emisijas organiz\u0113\u0161anas, juridisko, nodro\u0161in\u0101juma a\u0123enta, komunik\u0101cijas, m\u0101rketinga un rekl\u0101mas pakalpojumu piesaisti, nodro\u0161inot t\u0101 \u012bsteno\u0161anai nepiecie\u0161amo kapacit\u0101ti.<\/p>\n\n\n\n<p><strong>Ilgums<\/strong><br>02\/2025 \u2013 12\/2025<\/p>\n\n\n\n<p><strong>Kop\u0113jais bud\u017eets<\/strong><br>266 866,56 \u20ac<\/p>\n\n\n\n<p><strong>ES finans\u0113jums<\/strong><br>120 000,00 \u20ac<\/p>\n\n\n\n<figure class=\"wp-block-image\"><img decoding=\"async\" src=\"https:\/\/ocvision.eu\/wp-content\/uploads\/333ca01beb66c708f740fdc1a8d6a829b7521bc4.png\" alt=\"\"\/><\/figure>\n","protected":false},"excerpt":{"rendered":"<p>CFLA sniedz atbalstu SIA OC VISION finans\u0113juma piesaiste kapit\u0101la tirg\u016b Projekta m\u0113r\u0137is ir piesaist\u012bt SIA OC VISION l\u012bdz EUR 10 miljoniem invest\u012bciju kapit\u0101la tirgos, lai veicin\u0101tu uz\u0146\u0113muma att\u012bst\u012bbu, inov\u0101cijas un starptautisko konkur\u0113tsp\u0113ju. Projekts ietver kapit\u0101la piesaistes un emisijas organiz\u0113\u0161anas, juridisko, nodro\u0161in\u0101juma a\u0123enta, komunik\u0101cijas, m\u0101rketinga un rekl\u0101mas pakalpojumu piesaisti, nodro\u0161inot t\u0101 \u012bsteno\u0161anai nepiecie\u0161amo kapacit\u0101ti. Ilgums02\/2025 \u2013 [&hellip;]<\/p>\n","protected":false},"author":1,"featured_media":0,"parent":0,"menu_order":0,"comment_status":"closed","ping_status":"closed","template":"","meta":{"_acf_changed":false,"inline_featured_image":false,"footnotes":""},"class_list":["post-1934","page","type-page","status-publish","hentry"],"acf":[],"_links":{"self":[{"href":"https:\/\/ocvision.eu\/lt\/wp-json\/wp\/v2\/pages\/1934","targetHints":{"allow":["GET"]}}],"collection":[{"href":"https:\/\/ocvision.eu\/lt\/wp-json\/wp\/v2\/pages"}],"about":[{"href":"https:\/\/ocvision.eu\/lt\/wp-json\/wp\/v2\/types\/page"}],"author":[{"embeddable":true,"href":"https:\/\/ocvision.eu\/lt\/wp-json\/wp\/v2\/users\/1"}],"replies":[{"embeddable":true,"href":"https:\/\/ocvision.eu\/lt\/wp-json\/wp\/v2\/comments?post=1934"}],"version-history":[{"count":1,"href":"https:\/\/ocvision.eu\/lt\/wp-json\/wp\/v2\/pages\/1934\/revisions"}],"predecessor-version":[{"id":1935,"href":"https:\/\/ocvision.eu\/lt\/wp-json\/wp\/v2\/pages\/1934\/revisions\/1935"}],"wp:attachment":[{"href":"https:\/\/ocvision.eu\/lt\/wp-json\/wp\/v2\/media?parent=1934"}],"curies":[{"name":"wp","href":"https:\/\/api.w.org\/{rel}","templated":true}]}}