{"id":517,"date":"2023-01-24T10:19:57","date_gmt":"2023-01-24T08:19:57","guid":{"rendered":"https:\/\/ocvision.eu\/?page_id=517"},"modified":"2025-04-08T14:02:23","modified_gmt":"2025-04-08T12:02:23","slug":"sociala-atbildiba","status":"publish","type":"page","link":"https:\/\/ocvision.eu\/et\/sociala-atbildiba\/","title":{"rendered":"Soci\u0101l\u0101 atbild\u012bba"},"content":{"rendered":"\n<p style=\"font-size:25px\">OC VISION ir atbild\u012bgs, t\u0101lredz\u012bgs, valstiski dom\u0101jo\u0161s uz\u0146\u0113mums, kas r\u012bkojas atbild\u012bgi gan pret darbiniekiem, gan partneriem, gan klientiem un sabiedr\u012bbu kopum\u0101, veidojot un atbalstot iniciat\u012bvas, kuras rada v\u0113rt\u012bbu sabiedr\u012bbai, r\u016bp\u0113joties par izgl\u012bto\u0161anu acu vesel\u012bbas un redzes komforta jaut\u0101jumos.<\/p>\n\n\n\n<p>OC VISION r\u016bp\u0113jas gan par visu grupas darbinieku profesion\u0101lo izaugsmi, gan ar\u012b par nozares att\u012bst\u012bbu un profesionaliz\u0101ciju Latvij\u0101 un Baltij\u0101, no izgl\u012bto\u0161anas l\u012bdz akt\u012bvai l\u012bdzdal\u012bbai profesion\u0101l\u0101s izgl\u012bt\u012bbas, p\u0113tniec\u012bbas un zin\u0101tnes att\u012bst\u012bb\u0101.<\/p>\n\n\n\n<p>Savas misijas ietvaros, 2018. gad\u0101 OC VISION t\u012bkls OptiO uzs\u0101ka soci\u0101l\u0101s atbild\u012bbas programmu, kuras m\u0113r\u0137is ir piev\u0113rst \u012bpa\u0161u uzman\u012bbu b\u0113rnu redzes apr\u016bpei. Ar programmas pal\u012bdz\u012bbu tiek veicin\u0101ta savlaic\u012bgu redzes probl\u0113mu atkl\u0101\u0161ana b\u0113rniem, savuk\u0101rt OptiO d\u0101vin\u0101jums \u2013&nbsp;<strong>bezmaksas brilles 60 \u20ac v\u0113rt\u012bb\u0101<\/strong>&nbsp;ir lielisks atbalsts kvalitat\u012bvai b\u0113rnu redzes korekcijai.<\/p>\n","protected":false},"excerpt":{"rendered":"<p>OC VISION ir atbild\u012bgs, t\u0101lredz\u012bgs, valstiski dom\u0101jo\u0161s uz\u0146\u0113mums, kas r\u012bkojas atbild\u012bgi gan pret darbiniekiem, gan partneriem, gan klientiem un sabiedr\u012bbu kopum\u0101, veidojot un atbalstot iniciat\u012bvas, kuras rada v\u0113rt\u012bbu sabiedr\u012bbai, r\u016bp\u0113joties par izgl\u012bto\u0161anu acu vesel\u012bbas un redzes komforta jaut\u0101jumos. OC VISION r\u016bp\u0113jas gan par visu grupas darbinieku profesion\u0101lo izaugsmi, gan ar\u012b par nozares att\u012bst\u012bbu un profesionaliz\u0101ciju [&hellip;]<\/p>\n","protected":false},"author":1,"featured_media":0,"parent":0,"menu_order":0,"comment_status":"closed","ping_status":"closed","template":"","meta":{"_acf_changed":false,"inline_featured_image":false,"footnotes":""},"class_list":["post-517","page","type-page","status-publish","hentry"],"acf":[],"_links":{"self":[{"href":"https:\/\/ocvision.eu\/et\/wp-json\/wp\/v2\/pages\/517","targetHints":{"allow":["GET"]}}],"collection":[{"href":"https:\/\/ocvision.eu\/et\/wp-json\/wp\/v2\/pages"}],"about":[{"href":"https:\/\/ocvision.eu\/et\/wp-json\/wp\/v2\/types\/page"}],"author":[{"embeddable":true,"href":"https:\/\/ocvision.eu\/et\/wp-json\/wp\/v2\/users\/1"}],"replies":[{"embeddable":true,"href":"https:\/\/ocvision.eu\/et\/wp-json\/wp\/v2\/comments?post=517"}],"version-history":[{"count":11,"href":"https:\/\/ocvision.eu\/et\/wp-json\/wp\/v2\/pages\/517\/revisions"}],"predecessor-version":[{"id":972,"href":"https:\/\/ocvision.eu\/et\/wp-json\/wp\/v2\/pages\/517\/revisions\/972"}],"wp:attachment":[{"href":"https:\/\/ocvision.eu\/et\/wp-json\/wp\/v2\/media?parent=517"}],"curies":[{"name":"wp","href":"https:\/\/api.w.org\/{rel}","templated":true}]}}