{"id":308,"date":"2023-01-12T12:30:58","date_gmt":"2023-01-12T12:30:58","guid":{"rendered":"https:\/\/ocvision.eu\/?page_id=308"},"modified":"2025-09-24T09:49:19","modified_gmt":"2025-09-24T07:49:19","slug":"darba-iespejas-vakances","status":"publish","type":"page","link":"https:\/\/ocvision.eu\/et\/darba-iespejas-vakances\/","title":{"rendered":"Darba iesp\u0113jas"},"content":{"rendered":"\n<h2 class=\"wp-block-heading dark\">Kop\u0101 izcilai redzei<\/h2>\n\n\n\n<p>Veidojam uz\u0146\u0113muma kult\u016bru, kur\u0101 katrs darbinieks ir noz\u012bm\u012bga da\u013ca no uz\u0146\u0113muma att\u012bst\u012bbas, katram ir dotas iesp\u0113jas att\u012bst\u012bties profesion\u0101li un realiz\u0113t savu potenci\u0101lu un justies labi sav\u0101 darba viet\u0101, un kolekt\u012bv\u0101. M\u016bsu uz\u0146\u0113muma misija ir nodro\u0161in\u0101t augstas kvalit\u0101tes redzes apr\u016bpi visiem Baltijas iedz\u012bvot\u0101jiem, iesaistot lab\u0101kos redzes apr\u016bpes profesion\u0101\u013cus, izmantojot jaun\u0101kos tehnolo\u0123iju sasniegumus, uzturot augstus klientu apmierin\u0101t\u012bbas r\u0101d\u012bt\u0101jus un vienm\u0113r tiecoties uz izcil\u012bbu.<\/p>\n\n\n\n<div class=\"wp-block-buttons is-content-justification-center is-layout-flex wp-container-core-buttons-is-layout-16018d1d wp-block-buttons-is-layout-flex\">\n<div class=\"wp-block-button\"><a class=\"wp-block-button__link has-text-align-center wp-element-button\" href=\"https:\/\/career.recrur.com\/oc-vision-sia\"><mark style=\"background-color:rgba(0, 0, 0, 0)\" class=\"has-inline-color has-white-color\"><strong>Apskat\u012bt vakances<\/strong><\/mark><\/a><\/div>\n<\/div>\n\n\n\n<div style=\"height:30px\" aria-hidden=\"true\" class=\"wp-block-spacer\"><\/div>\n\n\n\n<h2 class=\"wp-block-heading\">M\u016bsu v\u0113rt\u012bbas<\/h2>\n\n\n\n<div class=\"wp-block-columns is-layout-flex wp-container-core-columns-is-layout-9d6595d7 wp-block-columns-is-layout-flex\">\n<div class=\"wp-block-column is-layout-flow wp-block-column-is-layout-flow\">\n<div class=\"wp-block-columns is-layout-flex wp-container-core-columns-is-layout-9d6595d7 wp-block-columns-is-layout-flex\">\n<div class=\"wp-block-column is-layout-flow wp-block-column-is-layout-flow\" style=\"flex-basis:40px\">\n<figure class=\"wp-block-image size-large is-resized\"><img decoding=\"async\" src=\"https:\/\/ocvision.eu\/wp-content\/uploads\/grey-c-1.svg\" alt=\"\" class=\"wp-image-427\" style=\"width:40px;height:40px\"\/><\/figure>\n<\/div>\n\n\n\n<div class=\"wp-block-column is-layout-flow wp-block-column-is-layout-flow\">\n<p class=\"dark\"><strong>MUMS R\u016aP UN M\u0112S R\u016aP\u0112JAMIES<\/strong><\/p>\n\n\n\n<p>M\u0113s dar\u0101m visu iesp\u0113jamo, lai pal\u012bdz\u0113tu klientiem sa\u0146emt lab\u0101ko pied\u0101v\u0101jumu un piem\u0113rot\u0101ko risin\u0101jumu. M\u0113s r\u016bp\u0113jamies par saviem darbiniekiem, uzklausot un nov\u0113rt\u0113jot.<\/p>\n<\/div>\n<\/div>\n<\/div>\n\n\n\n<div class=\"wp-block-column is-layout-flow wp-block-column-is-layout-flow\">\n<div class=\"wp-block-columns is-layout-flex wp-container-core-columns-is-layout-9d6595d7 wp-block-columns-is-layout-flex\">\n<div class=\"wp-block-column is-layout-flow wp-block-column-is-layout-flow\" style=\"flex-basis:40px\">\n<figure class=\"wp-block-image size-large is-resized\"><img decoding=\"async\" src=\"https:\/\/ocvision.eu\/wp-content\/uploads\/grey-c-2.svg\" alt=\"\" class=\"wp-image-429\" style=\"width:40px;height:40px\"\/><\/figure>\n<\/div>\n\n\n\n<div class=\"wp-block-column is-layout-flow wp-block-column-is-layout-flow\">\n<p class=\"dark\"><strong>M\u0112S TIECAMIES UZ IZCIL\u012aBU<\/strong><\/p>\n\n\n\n<p>M\u0113s mekl\u0113jam iesp\u0113jas m\u0101c\u012bties, pilnveidoties un att\u012bst\u012bties. M\u0113s past\u0101v\u012bgi uzlabojam savu darba kvalit\u0101ti un ikdienas procesus.<\/p>\n<\/div>\n<\/div>\n<\/div>\n<\/div>\n\n\n\n<div class=\"wp-block-columns is-layout-flex wp-container-core-columns-is-layout-9d6595d7 wp-block-columns-is-layout-flex\">\n<div class=\"wp-block-column is-layout-flow wp-block-column-is-layout-flow\">\n<div class=\"wp-block-columns is-layout-flex wp-container-core-columns-is-layout-9d6595d7 wp-block-columns-is-layout-flex\">\n<div class=\"wp-block-column is-layout-flow wp-block-column-is-layout-flow\" style=\"flex-basis:40px\">\n<figure class=\"wp-block-image size-large is-resized\"><img decoding=\"async\" src=\"https:\/\/ocvision.eu\/wp-content\/uploads\/grey-c-3.svg\" alt=\"\" class=\"wp-image-431\" style=\"width:40px;height:40px\"\/><\/figure>\n<\/div>\n\n\n\n<div class=\"wp-block-column is-layout-flow wp-block-column-is-layout-flow\">\n<p class=\"dark\"><strong><strong>M\u0112S UZDR\u012aKSTAMIES<\/strong><\/strong><\/p>\n\n\n\n<p>M\u0113s pie\u0146emam jaunus izaicin\u0101jumus. M\u0113s iesaist\u0101mies probl\u0113mu risin\u0101\u0161an\u0101 un sniedzam savu viedokli, un atbalstu.<\/p>\n<\/div>\n<\/div>\n<\/div>\n\n\n\n<div class=\"wp-block-column is-layout-flow wp-block-column-is-layout-flow\">\n<div class=\"wp-block-columns is-layout-flex wp-container-core-columns-is-layout-9d6595d7 wp-block-columns-is-layout-flex\">\n<div class=\"wp-block-column is-layout-flow wp-block-column-is-layout-flow\" style=\"flex-basis:40px\">\n<figure class=\"wp-block-image size-large is-resized\"><img decoding=\"async\" src=\"https:\/\/ocvision.eu\/wp-content\/uploads\/grey-c-4.svg\" alt=\"\" class=\"wp-image-433\" style=\"width:40px;height:40px\"\/><\/figure>\n<\/div>\n\n\n\n<div class=\"wp-block-column is-layout-flow wp-block-column-is-layout-flow\">\n<p class=\"dark\"><strong><strong>M\u0112S ESAM GOD\u012aGI<\/strong><\/strong><\/p>\n\n\n\n<p>M\u0113s atkl\u0101ti un patiesi komunic\u0113jam par pozit\u012bvo, gan ar\u012b nor\u0101d\u0101m uz k\u013c\u016bd\u0101m. M\u0113s str\u0101d\u0101jam god\u012bgi un atkl\u0101ti, un lepojamies ar to!<\/p>\n<\/div>\n<\/div>\n<\/div>\n<\/div>\n\n\n\n<div style=\"height:50px\" aria-hidden=\"true\" class=\"wp-block-spacer\"><\/div>\n\n\n\n<h2 class=\"wp-block-heading\">Saviem darbiniekiem pied\u0101v\u0101jam<\/h2>\n\n\n\n<div class=\"wp-block-columns is-layout-flex wp-container-core-columns-is-layout-9d6595d7 wp-block-columns-is-layout-flex\">\n<div class=\"wp-block-column is-layout-flow wp-block-column-is-layout-flow\"><div class=\"wp-block-image aligncenter\">\n<figure class=\"size-full is-resized\"><img loading=\"lazy\" decoding=\"async\" width=\"200\" height=\"200\" src=\"https:\/\/ocvision.eu\/wp-content\/uploads\/ikona-pozitivi-kolegi-2.gif\" alt=\"\" class=\"wp-image-615\" style=\"width:100px;height:100px\"\/><\/figure>\n<\/div>\n\n\n<p class=\"has-text-align-center dark\">pozit\u012bvus un<br>profesion\u0101lus kol\u0113\u0123us<\/p>\n<\/div>\n\n\n\n<div class=\"wp-block-column is-layout-flow wp-block-column-is-layout-flow\"><div class=\"wp-block-image aligncenter\">\n<figure class=\"size-full is-resized\"><img loading=\"lazy\" decoding=\"async\" width=\"200\" height=\"200\" src=\"https:\/\/ocvision.eu\/wp-content\/uploads\/ikona-atlaides.gif\" alt=\"\" class=\"wp-image-619\" style=\"width:100px;height:100px\"\/><\/figure>\n<\/div>\n\n\n<p class=\"has-text-align-center dark\">atlaides<br>optikas prec\u0113m<\/p>\n<\/div>\n\n\n\n<div class=\"wp-block-column is-layout-flow wp-block-column-is-layout-flow\"><div class=\"wp-block-image aligncenter\">\n<figure class=\"size-full is-resized\"><img loading=\"lazy\" decoding=\"async\" width=\"200\" height=\"200\" src=\"https:\/\/ocvision.eu\/wp-content\/uploads\/ikona-davanas.gif\" alt=\"\" class=\"wp-image-624\" style=\"width:100px;height:100px\"\/><\/figure>\n<\/div>\n\n\n<p class=\"has-text-align-center dark\">d\u0101vanas un pabalstus<br>noz\u012bm\u012bgos notikumos<\/p>\n<\/div>\n<\/div>\n\n\n\n<div class=\"wp-block-columns is-layout-flex wp-container-core-columns-is-layout-9d6595d7 wp-block-columns-is-layout-flex\">\n<div class=\"wp-block-column is-layout-flow wp-block-column-is-layout-flow\"><div class=\"wp-block-image aligncenter\">\n<figure class=\"size-full is-resized\"><img loading=\"lazy\" decoding=\"async\" width=\"200\" height=\"200\" src=\"https:\/\/ocvision.eu\/wp-content\/uploads\/ikona-nauda.gif\" alt=\"\" class=\"wp-image-658\" style=\"width:100px;height:100px\"\/><\/figure>\n<\/div>\n\n\n<p class=\"has-text-align-center dark\">konkur\u0113tsp\u0113j\u012bgu<br>atalgojumu<\/p>\n<\/div>\n\n\n\n<div class=\"wp-block-column is-layout-flow wp-block-column-is-layout-flow\"><div class=\"wp-block-image aligncenter\">\n<figure class=\"size-full is-resized\"><img loading=\"lazy\" decoding=\"async\" width=\"200\" height=\"200\" src=\"https:\/\/ocvision.eu\/wp-content\/uploads\/ikona-apdrosinasana.gif\" alt=\"\" class=\"wp-image-656\" style=\"width:100px;height:100px\"\/><\/figure>\n<\/div>\n\n\n<p class=\"has-text-align-center dark\">vesel\u012bbas<br>apdro\u0161in\u0101\u0161anu<\/p>\n<\/div>\n\n\n\n<div class=\"wp-block-column is-layout-flow wp-block-column-is-layout-flow\"><div class=\"wp-block-image aligncenter\">\n<figure class=\"size-full is-resized\"><img loading=\"lazy\" decoding=\"async\" width=\"200\" height=\"200\" src=\"https:\/\/ocvision.eu\/wp-content\/uploads\/ikona-aktivitates.gif\" alt=\"\" class=\"wp-image-654\" style=\"width:100px;height:100px\"\/><\/figure>\n<\/div>\n\n\n<p class=\"has-text-align-center dark\">da\u017e\u0101das<br>vesel\u012bbu veicino\u0161as<br>aktivit\u0101tes<\/p>\n<\/div>\n<\/div>\n\n\n\n<div class=\"wp-block-columns is-layout-flex wp-container-core-columns-is-layout-9d6595d7 wp-block-columns-is-layout-flex\">\n<div class=\"wp-block-column is-layout-flow wp-block-column-is-layout-flow\"><div class=\"wp-block-image aligncenter\">\n<figure class=\"size-full is-resized\"><img loading=\"lazy\" decoding=\"async\" width=\"200\" height=\"200\" src=\"https:\/\/ocvision.eu\/wp-content\/uploads\/ikona-apmacibas.gif\" alt=\"\" class=\"wp-image-647\" style=\"width:100px;height:100px\"\/><\/figure>\n<\/div>\n\n\n<p class=\"has-text-align-center dark\">apm\u0101c\u012bbas<br>OC VISION akad\u0113mij\u0101<\/p>\n<\/div>\n\n\n\n<div class=\"wp-block-column is-layout-flow wp-block-column-is-layout-flow\"><div class=\"wp-block-image aligncenter\">\n<figure class=\"size-full is-resized\"><img loading=\"lazy\" decoding=\"async\" width=\"200\" height=\"200\" src=\"https:\/\/ocvision.eu\/wp-content\/uploads\/ikona-vitamini.gif\" alt=\"\" class=\"wp-image-652\" style=\"width:100px;height:100px\"\/><\/figure>\n<\/div>\n\n\n<p class=\"has-text-align-center dark\">papildu vitam\u012bnu devu<br>v\u0113sajos m\u0113ne\u0161os<\/p>\n<\/div>\n\n\n\n<div class=\"wp-block-column is-layout-flow wp-block-column-is-layout-flow\"><div class=\"wp-block-image aligncenter\">\n<figure class=\"size-full is-resized\"><img loading=\"lazy\" decoding=\"async\" width=\"200\" height=\"200\" src=\"https:\/\/ocvision.eu\/wp-content\/uploads\/ikona-pasakumi.gif\" alt=\"\" class=\"wp-image-650\" style=\"width:100px;height:100px\"\/><\/figure>\n<\/div>\n\n\n<p class=\"has-text-align-center dark\">salied\u0113\u0161anas<br>pas\u0101kumus<\/p>\n<\/div>\n<\/div>\n\n\n\n<div style=\"height:40px\" aria-hidden=\"true\" class=\"wp-block-spacer\"><\/div>\n\n\n\n<h2 class=\"wp-block-heading\">M\u016bsu komanda<\/h2>\n\n\n\n<div class=\"wp-block-columns is-layout-flex wp-container-core-columns-is-layout-9d6595d7 wp-block-columns-is-layout-flex\">\n<div class=\"wp-block-column is-layout-flow wp-block-column-is-layout-flow\">\n<figure class=\"wp-block-embed is-type-video is-provider-youtube wp-block-embed-youtube wp-embed-aspect-16-9 wp-has-aspect-ratio\"><div class=\"wp-block-embed__wrapper\">\n<iframe loading=\"lazy\" title=\"OC VISION komanda | Together for perfect sight\" width=\"500\" height=\"281\" src=\"https:\/\/www.youtube.com\/embed\/O_fu8lZW5J0?feature=oembed\" frameborder=\"0\" allow=\"accelerometer; autoplay; clipboard-write; encrypted-media; gyroscope; picture-in-picture; web-share\" referrerpolicy=\"strict-origin-when-cross-origin\" allowfullscreen><\/iframe>\n<\/div><\/figure>\n\n\n\n<div style=\"height:20px\" aria-hidden=\"true\" class=\"wp-block-spacer\"><\/div>\n\n\n\n<div class=\"wp-block-columns is-layout-flex wp-container-core-columns-is-layout-9d6595d7 wp-block-columns-is-layout-flex\">\n<div class=\"wp-block-column is-layout-flow wp-block-column-is-layout-flow\" style=\"flex-basis:30px\">\n<figure class=\"wp-block-image size-full is-resized\"><img decoding=\"async\" src=\"https:\/\/ocvision.eu\/wp-content\/uploads\/black-c-1.svg\" alt=\"\" class=\"wp-image-409\" style=\"width:30px;height:30px\"\/><\/figure>\n<\/div>\n\n\n\n<div class=\"wp-block-column is-layout-flow wp-block-column-is-layout-flow\">\n<p class=\"dark\"><strong>OPTIK\u0100RS<\/strong><\/p>\n\n\n\n<p>P\u0101rdo\u0161anas konsultants, kas pal\u012bdz un piemekl\u0113 piem\u0113rot\u0101kos produktus klientam. Ar lab\u0101m zin\u0101\u0161an\u0101m optikas produktu, ietvaru dizaina jaut\u0101jumos, l\u0113cu un kontaktl\u0113cu tehnolo\u0123ij\u0101s. Iepriek\u0161\u0113ja pieredze nav nepiecie\u0161ama, galvenais ir sirds aicin\u0101jums pal\u012bdz\u0113t cilv\u0113kiem un str\u0101d\u0101t redzes apr\u016bpes jom\u0101! P\u0101r\u0113jo m\u0113s iem\u0101c\u012bsim OC VISION akad\u0113mij\u0101!<\/p>\n<\/div>\n<\/div>\n\n\n\n<div class=\"wp-block-columns is-layout-flex wp-container-core-columns-is-layout-9d6595d7 wp-block-columns-is-layout-flex\">\n<div class=\"wp-block-column is-layout-flow wp-block-column-is-layout-flow\" style=\"flex-basis:30px\">\n<figure class=\"wp-block-image size-full is-resized\"><img decoding=\"async\" src=\"https:\/\/ocvision.eu\/wp-content\/uploads\/black-c-2.svg\" alt=\"\" class=\"wp-image-412\" style=\"width:30px;height:30px\"\/><\/figure>\n<\/div>\n\n\n\n<div class=\"wp-block-column is-layout-flow wp-block-column-is-layout-flow\">\n<p class=\"dark\"><strong>OPTI\u0136IS<\/strong><\/p>\n\n\n\n<p>Tehniska profesija, kas prasa r\u016bp\u012bbu un izpratni darbam ar datoriz\u0113t\u0101m iek\u0101rt\u0101m, jo opti\u0137i m\u016bsu veikalos izgatavo brilles un optisk\u0101s saulesbrilles. Lai k\u013c\u016btu par opti\u0137i, galvenais nepiecie\u0161ama v\u0113lme un interese, jo ar\u012b opti\u0137a zin\u0101\u0161anas varam iem\u0101c\u012bt!<\/p>\n<\/div>\n<\/div>\n\n\n\n<div class=\"wp-block-columns is-layout-flex wp-container-core-columns-is-layout-9d6595d7 wp-block-columns-is-layout-flex\">\n<div class=\"wp-block-column is-layout-flow wp-block-column-is-layout-flow\" style=\"flex-basis:30px\">\n<figure class=\"wp-block-image size-full is-resized\"><img decoding=\"async\" src=\"https:\/\/ocvision.eu\/wp-content\/uploads\/black-c-4.svg\" alt=\"\" class=\"wp-image-416\" style=\"width:30px;height:30px\"\/><\/figure>\n<\/div>\n\n\n\n<div class=\"wp-block-column is-layout-flow wp-block-column-is-layout-flow\">\n<p class=\"dark\"><strong>OPTIK\u0100RS EKSPERTS<\/strong> <\/p>\n\n\n\n<p>Optik\u0101rs eksperts ir pieredz\u0113jis speci\u0101lists, kur\u0161 sp\u0113j apvienot profesion\u0101lu klientu apkalpo\u0161anu ar veikala ikdienas darba vad\u012bbu. Optik\u0101rs eksperts r\u016bp\u0113sies par augstas kvalit\u0101tes servisu, piedal\u012bsies p\u0101rdo\u0161anas datu anal\u012bz\u0113\u0161an\u0101, p\u0101rvald\u012bs kr\u0101jumus un pas\u016bt\u012bjumus, k\u0101 ar\u012b nodro\u0161in\u0101s veikala t\u0113la uztur\u0113\u0161anu. \u0160aj\u0101 amat\u0101 b\u016btiska ir sp\u0113ja organiz\u0113t komandas darbu \u2013 pl\u0101not grafikus, apm\u0101c\u012bt kol\u0113\u0123us un sniegt atgriezenisko saiti. No Tevis sagaid\u0101m vismaz tr\u012bs gadu pieredzi optikas jom\u0101, labas anal\u012btisk\u0101s un komunik\u0101cijas prasmes, precizit\u0101ti un atbild\u012bgu attieksmi, k\u0101 ar\u012b patiesu v\u0113lmi nodro\u0161in\u0101t klientiem profesion\u0101lu redzes apr\u016bpi.<\/p>\n<\/div>\n<\/div>\n<\/div>\n\n\n\n<div class=\"wp-block-column is-layout-flow wp-block-column-is-layout-flow\">\n<div class=\"wp-block-columns is-layout-flex wp-container-core-columns-is-layout-9d6595d7 wp-block-columns-is-layout-flex\">\n<div class=\"wp-block-column is-layout-flow wp-block-column-is-layout-flow\" style=\"flex-basis:30px\">\n<figure class=\"wp-block-image size-full is-resized\"><img decoding=\"async\" src=\"https:\/\/ocvision.eu\/wp-content\/uploads\/black-c-3.svg\" alt=\"\" class=\"wp-image-414\" style=\"width:30px;height:30px\"\/><\/figure>\n<\/div>\n\n\n\n<div class=\"wp-block-column is-layout-flow wp-block-column-is-layout-flow\">\n<p class=\"dark\"><strong>VEIKALA VAD\u012aT\u0100JS<\/strong><\/p>\n\n\n\n<p>Veikalu vad\u012bt\u0101ji regul\u0101ri tiek apm\u0101c\u012bti, lai sp\u0113tu efekt\u012bvi, t\u0101lredz\u012bgi un p\u0101rdom\u0101ti vad\u012bt komandu, sasniedzot nospraustos biznesa m\u0113r\u0137us. Vi\u0146us raksturo aizraut\u012bba, iniciat\u012bva, emp\u0101tija un profesionalit\u0101te.<\/p>\n<\/div>\n<\/div>\n\n\n\n<div class=\"wp-block-columns is-layout-flex wp-container-core-columns-is-layout-9d6595d7 wp-block-columns-is-layout-flex\">\n<div class=\"wp-block-column is-layout-flow wp-block-column-is-layout-flow\" style=\"flex-basis:30px\">\n<figure class=\"wp-block-image size-full is-resized\"><img decoding=\"async\" src=\"https:\/\/ocvision.eu\/wp-content\/uploads\/black-c-4.svg\" alt=\"\" class=\"wp-image-416\" style=\"width:30px;height:30px\"\/><\/figure>\n<\/div>\n\n\n\n<div class=\"wp-block-column is-layout-flow wp-block-column-is-layout-flow\">\n<p class=\"dark\"><strong>ATBALSTA FUNKCIJU DARBINIEKS BIROJ\u0100<\/strong><\/p>\n\n\n\n<p>Da\u017e\u0101du jomu profesion\u0101\u013ci ir apvienoju\u0161ies, lai nodro\u0161in\u0101tu svar\u012bgu atbalstu veikalu darb\u012bbai, tiecoties uz lab\u0101kiem rezult\u0101tiem. Uz\u0146\u0113mumam att\u012bstoties, tiek piesaist\u012bti jauni, profesion\u0101\u013ci kol\u0113\u0123i, t\u0101d\u0113\u013c vienm\u0113r esam atv\u0113rti sarun\u0101m par sadarb\u012bbu!<\/p>\n<\/div>\n<\/div>\n\n\n\n<div class=\"wp-block-columns is-layout-flex wp-container-core-columns-is-layout-9d6595d7 wp-block-columns-is-layout-flex\">\n<div class=\"wp-block-column is-layout-flow wp-block-column-is-layout-flow\" style=\"flex-basis:30px\">\n<figure class=\"wp-block-image size-full is-resized\"><img decoding=\"async\" src=\"https:\/\/ocvision.eu\/wp-content\/uploads\/black-c-5.svg\" alt=\"\" class=\"wp-image-418\" style=\"width:30px;height:30px\"\/><\/figure>\n<\/div>\n\n\n\n<div class=\"wp-block-column is-layout-flow wp-block-column-is-layout-flow\">\n<p class=\"dark\"><strong>OPTOMETRISTS<\/strong><\/p>\n\n\n\n<p>M\u016bsu veikalu dv\u0113sele \u2013 sertific\u0113ti speci\u0101listi ar LU ma\u0123istra gr\u0101du optometrij\u0101. Veic acu apr\u016bpi, izmantojot modern\u0101ko apr\u012bkojumu un jaun\u0101k\u0101s tehnolo\u0123ijas, izraksta brilles un piemekl\u0113 kontaktl\u0113cas.<\/p>\n<\/div>\n<\/div>\n\n\n\n<div class=\"wp-block-columns is-layout-flex wp-container-core-columns-is-layout-9d6595d7 wp-block-columns-is-layout-flex\">\n<div class=\"wp-block-column is-layout-flow wp-block-column-is-layout-flow\" style=\"flex-basis:30px\">\n<figure class=\"wp-block-image size-full is-resized\"><img decoding=\"async\" src=\"https:\/\/ocvision.eu\/wp-content\/uploads\/black-c-6.svg\" alt=\"\" class=\"wp-image-420\" style=\"width:30px;height:30px\"\/><\/figure>\n<\/div>\n\n\n\n<div class=\"wp-block-column is-layout-flow wp-block-column-is-layout-flow\">\n<p class=\"dark\"><strong>OPTOMETRISTA ASISTENTS<\/strong><\/p>\n\n\n\n<p>L\u012bdz\u012bgi k\u0101 optik\u0101rs, ir ar lab\u0101m zin\u0101\u0161an\u0101m optikas produktu, ietvaru dizaina jaut\u0101jumos, l\u0113cu un kontaktl\u0113cu tehnolo\u0123ij\u0101s, k\u0101 ar\u012b papildus iestr\u0101d\u0101, piel\u0101go un labo optisk\u0101s l\u0113cas bri\u013c\u013cu ietvaros, veic kontaktl\u0113cu lieto\u0161anas apm\u0101c\u012bbu un tehniskos m\u0113r\u012bjumus.<\/p>\n<\/div>\n<\/div>\n<\/div>\n<\/div>\n\n\n\n<div style=\"height:40px\" aria-hidden=\"true\" class=\"wp-block-spacer\"><\/div>\n\n\n\n<h3 class=\"wp-block-heading has-text-align-center\">Vai v\u0113lies str\u0101d\u0101t optikas nozar\u0113?<\/h3>\n\n\n\n<div class=\"wp-block-buttons is-content-justification-center is-layout-flex wp-container-core-buttons-is-layout-16018d1d wp-block-buttons-is-layout-flex\">\n<div class=\"wp-block-button\"><a class=\"wp-block-button__link has-text-align-center wp-element-button\" href=\"https:\/\/career.recrur.com\/oc-vision-sia\"><mark style=\"background-color:rgba(0, 0, 0, 0)\" class=\"has-inline-color has-white-color\"><strong>Apskat\u012bt vakances<\/strong><\/mark><\/a><\/div>\n<\/div>\n","protected":false},"excerpt":{"rendered":"<p>Kop\u0101 izcilai redzei Veidojam uz\u0146\u0113muma kult\u016bru, kur\u0101 katrs darbinieks ir noz\u012bm\u012bga da\u013ca no uz\u0146\u0113muma att\u012bst\u012bbas, katram ir dotas iesp\u0113jas att\u012bst\u012bties profesion\u0101li un realiz\u0113t savu potenci\u0101lu un justies labi sav\u0101 darba viet\u0101, un kolekt\u012bv\u0101. M\u016bsu uz\u0146\u0113muma misija ir nodro\u0161in\u0101t augstas kvalit\u0101tes redzes apr\u016bpi visiem Baltijas iedz\u012bvot\u0101jiem, iesaistot lab\u0101kos redzes apr\u016bpes profesion\u0101\u013cus, izmantojot jaun\u0101kos tehnolo\u0123iju sasniegumus, uzturot [&hellip;]<\/p>\n","protected":false},"author":1,"featured_media":0,"parent":0,"menu_order":0,"comment_status":"closed","ping_status":"closed","template":"","meta":{"_acf_changed":false,"inline_featured_image":false,"footnotes":""},"class_list":["post-308","page","type-page","status-publish","hentry"],"acf":[],"_links":{"self":[{"href":"https:\/\/ocvision.eu\/et\/wp-json\/wp\/v2\/pages\/308","targetHints":{"allow":["GET"]}}],"collection":[{"href":"https:\/\/ocvision.eu\/et\/wp-json\/wp\/v2\/pages"}],"about":[{"href":"https:\/\/ocvision.eu\/et\/wp-json\/wp\/v2\/types\/page"}],"author":[{"embeddable":true,"href":"https:\/\/ocvision.eu\/et\/wp-json\/wp\/v2\/users\/1"}],"replies":[{"embeddable":true,"href":"https:\/\/ocvision.eu\/et\/wp-json\/wp\/v2\/comments?post=308"}],"version-history":[{"count":69,"href":"https:\/\/ocvision.eu\/et\/wp-json\/wp\/v2\/pages\/308\/revisions"}],"predecessor-version":[{"id":1969,"href":"https:\/\/ocvision.eu\/et\/wp-json\/wp\/v2\/pages\/308\/revisions\/1969"}],"wp:attachment":[{"href":"https:\/\/ocvision.eu\/et\/wp-json\/wp\/v2\/media?parent=308"}],"curies":[{"name":"wp","href":"https:\/\/api.w.org\/{rel}","templated":true}]}}