{"id":1269,"date":"2023-01-24T10:17:54","date_gmt":"2023-01-24T08:17:54","guid":{"rendered":"https:\/\/ocvision.eu\/pioneers-in-the-optics-industry-2\/"},"modified":"2025-05-22T12:31:01","modified_gmt":"2025-05-22T10:31:01","slug":"pioneers-in-the-optics-industry","status":"publish","type":"page","link":"https:\/\/ocvision.eu\/en\/pioneers-in-the-optics-industry\/","title":{"rendered":"Pioneers in the optics industry"},"content":{"rendered":"\n<p class=\"about-text\" style=\"font-size:25px\">Not just a business, but also an opportunity to create an industry.Ne tikai bizness, bet ar\u012b iesp\u0113ja izveidot nozari.<\/p>\n\n<p><strong>1992<\/strong><\/p>\n\n<p>The history of the company is closely connected with the <strong>University of Latvia (LU).<\/strong> 1992. On September 1, 1992, the first optometry study program was established at the University of Latvia, which was only the second of its kind in Europe at that time. Since there were no internships for new students, in December 1992, the optics and optometry teaching staff and students of the department from the University of Latvia founded and over the years developed <strong>SIA \u201cLatvijas Universit\u0101tes Optometrijas centrs\u201d (LU OC)<\/strong>, which served as an internship for students and became the basis for the current OC VISION group.   <\/p>\n\n<figure class=\"wp-block-image size-full\"><img loading=\"lazy\" decoding=\"async\" width=\"768\" height=\"529\" src=\"https:\/\/ocvision.eu\/wp-content\/uploads\/Vesture-1.webp\" alt=\"\" class=\"wp-image-869\" srcset=\"https:\/\/ocvision.eu\/wp-content\/uploads\/Vesture-1.webp 768w, https:\/\/ocvision.eu\/wp-content\/uploads\/Vesture-1-300x207.webp 300w\" sizes=\"auto, (max-width: 768px) 100vw, 768px\" \/><\/figure>\n\n<p><strong>1993 <\/strong><\/p>\n\n<p>In the first year of operation, the employees of the LU OC were the owners themselves, the first employee was hired only in 1993, so initially everything had to be done by the founders of the company themselves. Vitolds Grabovskis was the company manager, J\u0101nis Dzenis, the current chairman of the board of OC VISION, was responsible for the center\u2019s finances at that time, while the well-known professor Ivars L\u0101cis was the first optician who, together with Aldis Liepi\u0146\u0161, polished lenses, and P\u0113teris Cikma\u010ds was responsible for all types of spectacle lenses, which he still does. The company also had sales manager Inta Butlere, who was also responsible for the selection and offer of frames, as well as accountant Skaidr\u012bte \u0100bolti\u0146a.   <\/p>\n\n<p>Soviet-era optics meant for buyers the opportunity to choose from only 10 models of spectacle frames and simple glass lenses. Under the counter, you could also get something better, but not everyone, only those who had the so-called \u201cblats\u201d as in string-pulling. All this made an impact<br\/>on the older generation \u2013 they are still shy about using this product, because the image of the so-called Western pensioner is associated with progressive glasses that are always on their nose, while the post-Soviet pensioner with simple reading glasses, hidden deep somewhere in the pocket. With the beginning of market relations, everything changed rapidly, the deficit disappeared, all that was needed was money, which also slowly began to appear among the inhabitants of Latvia. When LUOC was \u201cborn\u201d, the market was divided between the privatized state-owned optical company and the international joint venture Vision Express Baltija, but the market growth was so rapid that it allowed LUOC to slowly grow its market share. From the very beginning, instead of conventional glass lenses, it was possible to offer plastic lenses, which were much better in terms of their optical properties and weight, and very soon, clear lenses were also offered. Following the latest trends in the sale of optical products, LU OC introduced a self-service concept, where the customer had free access to frames, as well as modern medical equipment for vision correction and a vision test protocol that meets European standards, consisting of at least 12 visual function tests. All the money earned was invested in the development of the company.       <\/p>\n\n<p><strong>The first optical store<\/strong><\/p>\n\n<p>The first optical store was established in <strong>February 1993 at \u0136engaraga Street 8<\/strong>, where it still exists under the OptiO brand. The following year, two more LU OC branches were opened in polyclinics, including the Children\u2019s Clinical University Hospital, where special attention was paid specifically to children\u2019s vision correction. <\/p>\n\n<p><strong>1996<\/strong><\/p>\n\n<p>LU OC operated as one brand until 1996, when customer surveys showed that the name was not associated with vision problems for customers. Then it was decided to create the <strong>\u201cPasaules Optika\u201d<\/strong> brand, which would apply to all stores. After another 10 years, some of the stores were transformed into OptiO brand stores, which are intended for a different target audience. <strong>OptiO was created as a more accessible chain<\/strong> of stores in terms of both price and location. Thinking about customers who value style, special eyewear design and rare and expensive brands, a new salon was created in 1996 \u2013 Lornete.    <\/p>\n\n<figure class=\"wp-block-image size-full\"><img loading=\"lazy\" decoding=\"async\" width=\"801\" height=\"527\" src=\"https:\/\/ocvision.eu\/wp-content\/uploads\/Vesture-2.webp\" alt=\"\" class=\"wp-image-876\" srcset=\"https:\/\/ocvision.eu\/wp-content\/uploads\/Vesture-2.webp 801w, https:\/\/ocvision.eu\/wp-content\/uploads\/Vesture-2-300x197.webp 300w, https:\/\/ocvision.eu\/wp-content\/uploads\/Vesture-2-768x505.webp 768w\" sizes=\"auto, (max-width: 801px) 100vw, 801px\" \/><\/figure>\n\n<p>A particularly important moment for the OC VISION group was <strong>the acquisition of the Vision Express license<\/strong>. It was the first international brand in the optics industry, which existed in Latvia since 1991.   2002. In 2002, the opportunity arose to acquire two French-owned companies in Latvia and Lithuania, thus becoming an international company at least on a Baltic scale. A total of 8 stores in Latvia and 5 stores in Lithuania were acquired with the right to use the Vision Express brand license. <\/p>\n\n<p><strong>2017<\/strong><\/p>\n\n<p>OC VISION as a group of companies was established at the end of 2017, before that the company was called SIA \u201cOptometrijas centrs\u201d (from 2010 to 2017) and SIA \u201cLatvijas Universit\u0101tes Optometrijas centrs\u201d (from 1992 to 2010). The group also includes SIA \u201cVISION EXPRESS BALTIJA\u201d.  <\/p>\n\n<p><strong>OC VISION Development<\/strong><\/p>\n\n<p>The OC VISION group includes five optical retail brands: <strong>Vision Express, OptiO optika, Lornete, VIZIONETTE.<\/strong><\/p>\n\n<ul class=\"wp-block-list\">\n<li>2019 has been a particularly significant year for the company. It was marked by the continuation of the implementation of the new Vision Express concept in the Baltics and the significant investments made in the development of the World Optics chain, starting its transformation into VIZIONETTE. Currently, 9 VIZIONETTE concept stores operate in Latvia.    <\/li>\n\n\n\n<li> The development of the regional availability of the OptiO optical store chain also continues.<\/li>\n<\/ul>\n\n<p>The company also includes Opptica, a wholesaler of optical goods, services and medical instruments, which operates not only at the Baltic level, but also in the European Union and worldwide. Wholesale has been the company\u2019s business line throughout its existence, although it acquired its name and brand in 2017. In turn, the contact lens online store Dr.Lensor, which started operations in 2013, has shown significant growth in recent years and operates in all Baltic countries.   <\/p>\n\n<p> <em>Also read OC VISION Brand story on dienasbizness.lv<\/em> <a href=\"https:\/\/www.db.lv\/zinas\/zimola-stasts-celmlauzis-latvijas-optikas-nozare-487642\" target=\"_blank\" rel=\"noreferrer noopener\">here.<\/a><\/p>\n","protected":false},"excerpt":{"rendered":"<p>Not just a business, but also an opportunity to create an industry.Ne tikai bizness, bet ar\u012b iesp\u0113ja izveidot nozari. 1992 The history of the company is closely connected with the University of Latvia (LU). 1992. On September 1, 1992, the first optometry study program was established at the University of Latvia, which was only the [&hellip;]<\/p>\n","protected":false},"author":1,"featured_media":0,"parent":0,"menu_order":0,"comment_status":"closed","ping_status":"closed","template":"","meta":{"_acf_changed":false,"inline_featured_image":false,"footnotes":""},"class_list":["post-1269","page","type-page","status-publish","hentry"],"acf":[],"_links":{"self":[{"href":"https:\/\/ocvision.eu\/en\/wp-json\/wp\/v2\/pages\/1269","targetHints":{"allow":["GET"]}}],"collection":[{"href":"https:\/\/ocvision.eu\/en\/wp-json\/wp\/v2\/pages"}],"about":[{"href":"https:\/\/ocvision.eu\/en\/wp-json\/wp\/v2\/types\/page"}],"author":[{"embeddable":true,"href":"https:\/\/ocvision.eu\/en\/wp-json\/wp\/v2\/users\/1"}],"replies":[{"embeddable":true,"href":"https:\/\/ocvision.eu\/en\/wp-json\/wp\/v2\/comments?post=1269"}],"version-history":[{"count":1,"href":"https:\/\/ocvision.eu\/en\/wp-json\/wp\/v2\/pages\/1269\/revisions"}],"predecessor-version":[{"id":1270,"href":"https:\/\/ocvision.eu\/en\/wp-json\/wp\/v2\/pages\/1269\/revisions\/1270"}],"wp:attachment":[{"href":"https:\/\/ocvision.eu\/en\/wp-json\/wp\/v2\/media?parent=1269"}],"curies":[{"name":"wp","href":"https:\/\/api.w.org\/{rel}","templated":true}]}}